{"id":1480,"date":"2023-05-02T14:25:40","date_gmt":"2023-05-02T12:25:40","guid":{"rendered":"https:\/\/xploremallorca.com\/reservierungs-und-stornierungsbedingungen\/"},"modified":"2023-05-02T14:43:59","modified_gmt":"2023-05-02T12:43:59","slug":"reservierungs-und-stornierungsbedingungen","status":"publish","type":"page","link":"https:\/\/xploremallorca.com\/de\/reservierungs-und-stornierungsbedingungen\/","title":{"rendered":"Reservierungs- und Stornierungsbedingungen"},"content":{"rendered":"\t\t<div data-elementor-type=\"wp-page\" data-elementor-id=\"1480\" class=\"elementor elementor-1480 elementor-1467\" data-elementor-post-type=\"page\">\n\t\t\t\t\t\t<section class=\"elementor-section elementor-top-section elementor-element elementor-element-1106cee elementor-section-boxed elementor-section-height-default elementor-section-height-default\" data-id=\"1106cee\" data-element_type=\"section\" data-e-type=\"section\">\n\t\t\t\t\t\t<div class=\"elementor-container elementor-column-gap-default\">\n\t\t\t\t\t<div class=\"elementor-column elementor-col-100 elementor-top-column elementor-element elementor-element-c75cb71\" data-id=\"c75cb71\" data-element_type=\"column\" data-e-type=\"column\">\n\t\t\t<div class=\"elementor-widget-wrap\">\n\t\t\t\t\t\t\t<\/div>\n\t\t<\/div>\n\t\t\t\t\t<\/div>\n\t\t<\/section>\n\t\t\t\t<section class=\"elementor-section elementor-top-section elementor-element elementor-element-f2eb922 elementor-section-boxed elementor-section-height-default elementor-section-height-default\" data-id=\"f2eb922\" data-element_type=\"section\" data-e-type=\"section\">\n\t\t\t\t\t\t<div class=\"elementor-container elementor-column-gap-default\">\n\t\t\t\t\t<div class=\"elementor-column elementor-col-100 elementor-top-column elementor-element elementor-element-75bb8c8\" data-id=\"75bb8c8\" data-element_type=\"column\" data-e-type=\"column\">\n\t\t\t<div class=\"elementor-widget-wrap elementor-element-populated\">\n\t\t\t\t\t\t<div class=\"elementor-element elementor-element-5b201fb elementor-widget elementor-widget-heading\" data-id=\"5b201fb\" data-element_type=\"widget\" data-e-type=\"widget\" data-widget_type=\"heading.default\">\n\t\t\t\t<div class=\"elementor-widget-container\">\n\t\t\t\t\t<h2 class=\"elementor-heading-title elementor-size-default\">Reservierungs- und Stornierungsbedingungen<\/h2>\t\t\t\t<\/div>\n\t\t\t\t<\/div>\n\t\t\t\t<div class=\"elementor-element elementor-element-e685599 elementor-widget elementor-widget-text-editor\" data-id=\"e685599\" data-element_type=\"widget\" data-e-type=\"widget\" data-widget_type=\"text-editor.default\">\n\t\t\t\t<div class=\"elementor-widget-container\">\n\t\t\t\t\t\t\t\t\t<p><b>Vertragsverl\u00e4ngerung:<\/b><\/p>\n\n<p>Eine Verl\u00e4ngerung des Vertrages kann telefonisch, per E-Mail, per WhatsApp oder pers\u00f6nlich f\u00fcr jede Anmietung erfolgen und muss die erste Verl\u00e4ngerung sein. Kontaktlose Verl\u00e4ngerungen sind f\u00fcr maximal f\u00fcnf Tage m\u00f6glich. F\u00fcr die Sicherheitsaufbewahrung kann eine neue Genehmigung erforderlich sein. Jede Verl\u00e4ngerung \u00fcber die verl\u00e4ngerten 5 Tage hinaus muss direkt mit dem Standort vereinbart\/vereinbart werden, der das Fahrzeug mietet.<\/p>\n\n<p><b>\u00c4ndern einer Reservierung<\/b><\/p>\n\n<p>Um eine bestehende Reservierung zu \u00e4ndern, ben\u00f6tigen Sie die Reservierungsnummer und den Sicherheitscode der Reservierung. Beides finden Sie auf der Buchungsbest\u00e4tigung, die als pdf an die angegebene E-Mail-Adresse gesendet wird. \u00c4nderungen unterliegen der Flottenverf\u00fcgbarkeit.<\/p>\n\n<p><b>Stornierung einer bestehenden Reservierung<\/b><\/p>\n\n<p>Um eine bestehende Reservierung zu stornieren, ben\u00f6tigen Sie die Reservierungsnummer und den Sicherheitscode der Reservierung. Beide Punkte finden Sie auf der Buchungsbest\u00e4tigung, die per E-Mail an die angegebene E-Mail-Adresse gesendet wird. Stornierungen sind nur bis 48 Stunden vor dem Abreisetag m\u00f6glich.<\/p>\t\t\t\t\t\t\t\t<\/div>\n\t\t\t\t<\/div>\n\t\t\t\t\t<\/div>\n\t\t<\/div>\n\t\t\t\t\t<\/div>\n\t\t<\/section>\n\t\t\t\t<\/div>\n\t\t","protected":false},"excerpt":{"rendered":"<p>Reservierungs- und Stornierungsbedingungen Vertragsverl\u00e4ngerung: Eine Verl\u00e4ngerung des Vertrages kann telefonisch, per E-Mail, per WhatsApp oder pers\u00f6nlich f\u00fcr jede Anmietung erfolgen und muss die erste Verl\u00e4ngerung sein. Kontaktlose Verl\u00e4ngerungen sind f\u00fcr maximal f\u00fcnf Tage m\u00f6glich. F\u00fcr die Sicherheitsaufbewahrung kann eine neue Genehmigung erforderlich sein. Jede Verl\u00e4ngerung \u00fcber die verl\u00e4ngerten 5 Tage hinaus muss direkt mit dem &#8230; <a title=\"Reservierungs- und Stornierungsbedingungen\" class=\"read-more\" href=\"https:\/\/xploremallorca.com\/de\/reservierungs-und-stornierungsbedingungen\/\" aria-label=\"Mehr Informationen \u00fcber Reservierungs- und Stornierungsbedingungen\">Weiterlesen<\/a><\/p>\n","protected":false},"author":1,"featured_media":0,"parent":0,"menu_order":0,"comment_status":"closed","ping_status":"closed","template":"elementor_header_footer","meta":{"footnotes":""},"class_list":["post-1480","page","type-page","status-publish"],"yoast_head":"<!-- This site is optimized with the Yoast SEO plugin v27.6 - https:\/\/yoast.com\/product\/yoast-seo-wordpress\/ -->\n<title>Reservierungs- und Stornierungsbedingungen | Xplore Mallorca<\/title>\n<meta name=\"robots\" content=\"index, follow, max-snippet:-1, max-image-preview:large, max-video-preview:-1\" \/>\n<link rel=\"canonical\" href=\"https:\/\/xploremallorca.com\/de\/reservierungs-und-stornierungsbedingungen\/\" \/>\n<meta property=\"og:locale\" content=\"de_DE\" \/>\n<meta property=\"og:type\" content=\"article\" \/>\n<meta property=\"og:title\" content=\"Reservierungs- und Stornierungsbedingungen | Xplore Mallorca\" \/>\n<meta property=\"og:description\" content=\"Reservierungs- und Stornierungsbedingungen Vertragsverl\u00e4ngerung: Eine Verl\u00e4ngerung des Vertrages kann telefonisch, per E-Mail, per WhatsApp oder pers\u00f6nlich f\u00fcr jede Anmietung erfolgen und muss die erste Verl\u00e4ngerung sein. Kontaktlose Verl\u00e4ngerungen sind f\u00fcr maximal f\u00fcnf Tage m\u00f6glich. F\u00fcr die Sicherheitsaufbewahrung kann eine neue Genehmigung erforderlich sein. Jede Verl\u00e4ngerung \u00fcber die verl\u00e4ngerten 5 Tage hinaus muss direkt mit dem ... Weiterlesen\" \/>\n<meta property=\"og:url\" content=\"https:\/\/xploremallorca.com\/de\/reservierungs-und-stornierungsbedingungen\/\" \/>\n<meta property=\"og:site_name\" content=\"Xplore Mallorca\" \/>\n<meta property=\"article:publisher\" content=\"https:\/\/www.facebook.com\/MotoSprintCalador\" \/>\n<meta property=\"article:modified_time\" content=\"2023-05-02T12:43:59+00:00\" \/>\n<meta property=\"og:image\" content=\"https:\/\/xploremallorca.com\/wp-content\/uploads\/2023\/04\/buggy-in-mallorca.jpg\" \/>\n\t<meta property=\"og:image:width\" content=\"1920\" \/>\n\t<meta property=\"og:image:height\" content=\"1220\" \/>\n\t<meta property=\"og:image:type\" content=\"image\/jpeg\" \/>\n<meta name=\"twitter:card\" content=\"summary_large_image\" \/>\n<meta name=\"twitter:label1\" content=\"Gesch\u00e4tzte Lesezeit\" \/>\n\t<meta name=\"twitter:data1\" content=\"1\u00a0Minute\" \/>\n<script type=\"application\/ld+json\" class=\"yoast-schema-graph\">{\"@context\":\"https:\\\/\\\/schema.org\",\"@graph\":[{\"@type\":\"WebPage\",\"@id\":\"https:\\\/\\\/xploremallorca.com\\\/de\\\/reservierungs-und-stornierungsbedingungen\\\/\",\"url\":\"https:\\\/\\\/xploremallorca.com\\\/de\\\/reservierungs-und-stornierungsbedingungen\\\/\",\"name\":\"Reservierungs- und Stornierungsbedingungen | Xplore Mallorca\",\"isPartOf\":{\"@id\":\"https:\\\/\\\/xploremallorca.com\\\/#website\"},\"datePublished\":\"2023-05-02T12:25:40+00:00\",\"dateModified\":\"2023-05-02T12:43:59+00:00\",\"breadcrumb\":{\"@id\":\"https:\\\/\\\/xploremallorca.com\\\/de\\\/reservierungs-und-stornierungsbedingungen\\\/#breadcrumb\"},\"inLanguage\":\"de\",\"potentialAction\":[{\"@type\":\"ReadAction\",\"target\":[\"https:\\\/\\\/xploremallorca.com\\\/de\\\/reservierungs-und-stornierungsbedingungen\\\/\"]}]},{\"@type\":\"BreadcrumbList\",\"@id\":\"https:\\\/\\\/xploremallorca.com\\\/de\\\/reservierungs-und-stornierungsbedingungen\\\/#breadcrumb\",\"itemListElement\":[{\"@type\":\"ListItem\",\"position\":1,\"name\":\"Home\",\"item\":\"https:\\\/\\\/xploremallorca.com\\\/\"},{\"@type\":\"ListItem\",\"position\":2,\"name\":\"Reservierungs- und Stornierungsbedingungen\"}]},{\"@type\":\"WebSite\",\"@id\":\"https:\\\/\\\/xploremallorca.com\\\/#website\",\"url\":\"https:\\\/\\\/xploremallorca.com\\\/\",\"name\":\"Sprint Tours\",\"description\":\"Buggy Tour Mallorca\",\"publisher\":{\"@id\":\"https:\\\/\\\/xploremallorca.com\\\/#organization\"},\"potentialAction\":[{\"@type\":\"SearchAction\",\"target\":{\"@type\":\"EntryPoint\",\"urlTemplate\":\"https:\\\/\\\/xploremallorca.com\\\/?s={search_term_string}\"},\"query-input\":{\"@type\":\"PropertyValueSpecification\",\"valueRequired\":true,\"valueName\":\"search_term_string\"}}],\"inLanguage\":\"de\"},{\"@type\":\"Organization\",\"@id\":\"https:\\\/\\\/xploremallorca.com\\\/#organization\",\"name\":\"Sprint Tours\",\"url\":\"https:\\\/\\\/xploremallorca.com\\\/\",\"logo\":{\"@type\":\"ImageObject\",\"inLanguage\":\"de\",\"@id\":\"https:\\\/\\\/xploremallorca.com\\\/#\\\/schema\\\/logo\\\/image\\\/\",\"url\":\"https:\\\/\\\/xploremallorca.com\\\/wp-content\\\/uploads\\\/2023\\\/04\\\/Logotipo_Sprint_Tours_gris.png\",\"contentUrl\":\"https:\\\/\\\/xploremallorca.com\\\/wp-content\\\/uploads\\\/2023\\\/04\\\/Logotipo_Sprint_Tours_gris.png\",\"width\":1134,\"height\":567,\"caption\":\"Sprint Tours\"},\"image\":{\"@id\":\"https:\\\/\\\/xploremallorca.com\\\/#\\\/schema\\\/logo\\\/image\\\/\"},\"sameAs\":[\"https:\\\/\\\/www.facebook.com\\\/MotoSprintCalador\",\"https:\\\/\\\/www.instagram.com\\\/motosprint_calador\\\/\",\"https:\\\/\\\/www.youtube.com\\\/channel\\\/UCcaJ8ovATIhjl0tpCFb4xbA\"]}]}<\/script>\n<!-- \/ Yoast SEO plugin. -->","yoast_head_json":{"title":"Reservierungs- und Stornierungsbedingungen | Xplore Mallorca","robots":{"index":"index","follow":"follow","max-snippet":"max-snippet:-1","max-image-preview":"max-image-preview:large","max-video-preview":"max-video-preview:-1"},"canonical":"https:\/\/xploremallorca.com\/de\/reservierungs-und-stornierungsbedingungen\/","og_locale":"de_DE","og_type":"article","og_title":"Reservierungs- und Stornierungsbedingungen | Xplore Mallorca","og_description":"Reservierungs- und Stornierungsbedingungen Vertragsverl\u00e4ngerung: Eine Verl\u00e4ngerung des Vertrages kann telefonisch, per E-Mail, per WhatsApp oder pers\u00f6nlich f\u00fcr jede Anmietung erfolgen und muss die erste Verl\u00e4ngerung sein. Kontaktlose Verl\u00e4ngerungen sind f\u00fcr maximal f\u00fcnf Tage m\u00f6glich. F\u00fcr die Sicherheitsaufbewahrung kann eine neue Genehmigung erforderlich sein. Jede Verl\u00e4ngerung \u00fcber die verl\u00e4ngerten 5 Tage hinaus muss direkt mit dem ... Weiterlesen","og_url":"https:\/\/xploremallorca.com\/de\/reservierungs-und-stornierungsbedingungen\/","og_site_name":"Xplore Mallorca","article_publisher":"https:\/\/www.facebook.com\/MotoSprintCalador","article_modified_time":"2023-05-02T12:43:59+00:00","og_image":[{"width":1920,"height":1220,"url":"https:\/\/xploremallorca.com\/wp-content\/uploads\/2023\/04\/buggy-in-mallorca.jpg","type":"image\/jpeg"}],"twitter_card":"summary_large_image","twitter_misc":{"Gesch\u00e4tzte Lesezeit":"1\u00a0Minute"},"schema":{"@context":"https:\/\/schema.org","@graph":[{"@type":"WebPage","@id":"https:\/\/xploremallorca.com\/de\/reservierungs-und-stornierungsbedingungen\/","url":"https:\/\/xploremallorca.com\/de\/reservierungs-und-stornierungsbedingungen\/","name":"Reservierungs- und Stornierungsbedingungen | Xplore Mallorca","isPartOf":{"@id":"https:\/\/xploremallorca.com\/#website"},"datePublished":"2023-05-02T12:25:40+00:00","dateModified":"2023-05-02T12:43:59+00:00","breadcrumb":{"@id":"https:\/\/xploremallorca.com\/de\/reservierungs-und-stornierungsbedingungen\/#breadcrumb"},"inLanguage":"de","potentialAction":[{"@type":"ReadAction","target":["https:\/\/xploremallorca.com\/de\/reservierungs-und-stornierungsbedingungen\/"]}]},{"@type":"BreadcrumbList","@id":"https:\/\/xploremallorca.com\/de\/reservierungs-und-stornierungsbedingungen\/#breadcrumb","itemListElement":[{"@type":"ListItem","position":1,"name":"Home","item":"https:\/\/xploremallorca.com\/"},{"@type":"ListItem","position":2,"name":"Reservierungs- und Stornierungsbedingungen"}]},{"@type":"WebSite","@id":"https:\/\/xploremallorca.com\/#website","url":"https:\/\/xploremallorca.com\/","name":"Sprint Tours","description":"Buggy Tour Mallorca","publisher":{"@id":"https:\/\/xploremallorca.com\/#organization"},"potentialAction":[{"@type":"SearchAction","target":{"@type":"EntryPoint","urlTemplate":"https:\/\/xploremallorca.com\/?s={search_term_string}"},"query-input":{"@type":"PropertyValueSpecification","valueRequired":true,"valueName":"search_term_string"}}],"inLanguage":"de"},{"@type":"Organization","@id":"https:\/\/xploremallorca.com\/#organization","name":"Sprint Tours","url":"https:\/\/xploremallorca.com\/","logo":{"@type":"ImageObject","inLanguage":"de","@id":"https:\/\/xploremallorca.com\/#\/schema\/logo\/image\/","url":"https:\/\/xploremallorca.com\/wp-content\/uploads\/2023\/04\/Logotipo_Sprint_Tours_gris.png","contentUrl":"https:\/\/xploremallorca.com\/wp-content\/uploads\/2023\/04\/Logotipo_Sprint_Tours_gris.png","width":1134,"height":567,"caption":"Sprint Tours"},"image":{"@id":"https:\/\/xploremallorca.com\/#\/schema\/logo\/image\/"},"sameAs":["https:\/\/www.facebook.com\/MotoSprintCalador","https:\/\/www.instagram.com\/motosprint_calador\/","https:\/\/www.youtube.com\/channel\/UCcaJ8ovATIhjl0tpCFb4xbA"]}]}},"_links":{"self":[{"href":"https:\/\/xploremallorca.com\/de\/wp-json\/wp\/v2\/pages\/1480","targetHints":{"allow":["GET"]}}],"collection":[{"href":"https:\/\/xploremallorca.com\/de\/wp-json\/wp\/v2\/pages"}],"about":[{"href":"https:\/\/xploremallorca.com\/de\/wp-json\/wp\/v2\/types\/page"}],"author":[{"embeddable":true,"href":"https:\/\/xploremallorca.com\/de\/wp-json\/wp\/v2\/users\/1"}],"replies":[{"embeddable":true,"href":"https:\/\/xploremallorca.com\/de\/wp-json\/wp\/v2\/comments?post=1480"}],"version-history":[{"count":1,"href":"https:\/\/xploremallorca.com\/de\/wp-json\/wp\/v2\/pages\/1480\/revisions"}],"predecessor-version":[{"id":1481,"href":"https:\/\/xploremallorca.com\/de\/wp-json\/wp\/v2\/pages\/1480\/revisions\/1481"}],"wp:attachment":[{"href":"https:\/\/xploremallorca.com\/de\/wp-json\/wp\/v2\/media?parent=1480"}],"curies":[{"name":"wp","href":"https:\/\/api.w.org\/{rel}","templated":true}]}}