{"id":1472,"date":"2023-05-02T14:25:40","date_gmt":"2023-05-02T12:25:40","guid":{"rendered":"https:\/\/xploremallorca.com\/politica-de-cambios-de-reserva-y-cancelacion\/"},"modified":"2023-05-02T14:31:56","modified_gmt":"2023-05-02T12:31:56","slug":"politica-de-cambios-de-reserva-y-cancelacion","status":"publish","type":"page","link":"https:\/\/xploremallorca.com\/es\/politica-de-cambios-de-reserva-y-cancelacion\/","title":{"rendered":"Pol\u00edtica de Cambios de reserva y cancelaci\u00f3n"},"content":{"rendered":"<style>.elementor-1472 .elementor-element.elementor-element-f2eb922{margin-top:0px;margin-bottom:0px;padding:150px 0px 50px 0px;}.elementor-1472 .elementor-element.elementor-element-5b201fb .elementor-heading-title{font-size:43px;color:var( --e-global-color-secondary );}@media(max-width:1024px){.elementor-1472 .elementor-element.elementor-element-f2eb922{padding:07em 1em 3em 1em;}}@media(max-width:767px){.elementor-1472 .elementor-element.elementor-element-f2eb922{padding:06em 1em 3em 1em;}.elementor-1472 .elementor-element.elementor-element-5b201fb .elementor-heading-title{font-size:26px;}}<\/style>\t\t<div data-elementor-type=\"wp-page\" data-elementor-id=\"1472\" class=\"elementor elementor-1472 elementor-1467\" data-elementor-post-type=\"page\">\n\t\t\t\t\t\t<section class=\"elementor-section elementor-top-section elementor-element elementor-element-1106cee elementor-section-boxed elementor-section-height-default elementor-section-height-default\" data-id=\"1106cee\" data-element_type=\"section\" data-e-type=\"section\">\n\t\t\t\t\t\t<div class=\"elementor-container elementor-column-gap-default\">\n\t\t\t\t\t<div class=\"elementor-column elementor-col-100 elementor-top-column elementor-element elementor-element-c75cb71\" data-id=\"c75cb71\" data-element_type=\"column\" data-e-type=\"column\">\n\t\t\t<div class=\"elementor-widget-wrap\">\n\t\t\t\t\t\t\t<\/div>\n\t\t<\/div>\n\t\t\t\t\t<\/div>\n\t\t<\/section>\n\t\t\t\t<section class=\"elementor-section elementor-top-section elementor-element elementor-element-f2eb922 elementor-section-boxed elementor-section-height-default elementor-section-height-default\" data-id=\"f2eb922\" data-element_type=\"section\" data-e-type=\"section\">\n\t\t\t\t\t\t<div class=\"elementor-container elementor-column-gap-default\">\n\t\t\t\t\t<div class=\"elementor-column elementor-col-100 elementor-top-column elementor-element elementor-element-75bb8c8\" data-id=\"75bb8c8\" data-element_type=\"column\" data-e-type=\"column\">\n\t\t\t<div class=\"elementor-widget-wrap elementor-element-populated\">\n\t\t\t\t\t\t<div class=\"elementor-element elementor-element-5b201fb elementor-widget elementor-widget-heading\" data-id=\"5b201fb\" data-element_type=\"widget\" data-e-type=\"widget\" data-widget_type=\"heading.default\">\n\t\t\t\t<div class=\"elementor-widget-container\">\n\t\t\t\t\t<h2 class=\"elementor-heading-title elementor-size-default\">Pol\u00edtica de Cambios de reserva y cancelaci\u00f3n<\/h2>\t\t\t\t<\/div>\n\t\t\t\t<\/div>\n\t\t\t\t<div class=\"elementor-element elementor-element-e685599 elementor-widget elementor-widget-text-editor\" data-id=\"e685599\" data-element_type=\"widget\" data-e-type=\"widget\" data-widget_type=\"text-editor.default\">\n\t\t\t\t<div class=\"elementor-widget-container\">\n\t\t\t\t\t\t\t\t\t<p><b>Extensi\u00f3n de Contrato:<\/b><\/p>\n\n<p>Se puede realizarse una extensi\u00f3n del contrato por v\u00eda telef\u00f3nica, por Correo Electr\u00f3nico, por WhatApp o presencial de cada alquiler, y deber\u00e1 ser la primera extensi\u00f3n. Las extensiones no presenciales se pueden hacer por un m\u00e1ximo de cinco d\u00edas. Puede requerirse una nueva aprobaci\u00f3n para la retenci\u00f3n de seguridad. Cualquier extensi\u00f3n m\u00e1s all\u00e1 de los 5 d\u00edas extendidos deber\u00e1 realizarse\/acordarse directamente con la sucursal que alquiler el veh\u00edculo.<\/p>\n\n<p><b>Cambio de una reserva<\/b><\/p>\n\n<p>Para cambiar una reserva existente, necesitar\u00e1 el n\u00famero de reserva y el c\u00f3digo de seguridad de la misma. Ambos elementos se pueden encontrar en la confirmaci\u00f3n de la reserva, que se env\u00eda por correo electr\u00f3nico en pdf a la direcci\u00f3n de correo electr\u00f3nico especificada. Los cambios est\u00e1n sujetos a disponibilidad de la flota.<\/p>\n\n<p><b>Cancelaci\u00f3n de una reserva existente<\/b><\/p>\n\n<p>Para cancelar una reserva existente, necesita el n\u00famero de reserva y el c\u00f3digo de seguridad de la reserva. Ambos elementos se pueden encontrar en la confirmaci\u00f3n de la reserva, que se env\u00eda por correo electr\u00f3nico a la direcci\u00f3n de correo electr\u00f3nico especificada. Las cancelaciones solo se pueden realizar con una antelaci\u00f3n m\u00ednima de 48h del d\u00eda de salida.<\/p>\t\t\t\t\t\t\t\t<\/div>\n\t\t\t\t<\/div>\n\t\t\t\t\t<\/div>\n\t\t<\/div>\n\t\t\t\t\t<\/div>\n\t\t<\/section>\n\t\t\t\t<\/div>\n\t\t","protected":false},"excerpt":{"rendered":"<p>Pol\u00edtica de Cambios de reserva y cancelaci\u00f3n Extensi\u00f3n de Contrato: Se puede realizarse una extensi\u00f3n del contrato por v\u00eda telef\u00f3nica, por Correo Electr\u00f3nico, por WhatApp o presencial de cada alquiler, y deber\u00e1 ser la primera extensi\u00f3n. Las extensiones no presenciales se pueden hacer por un m\u00e1ximo de cinco d\u00edas. Puede requerirse una nueva aprobaci\u00f3n para &#8230; <a title=\"Pol\u00edtica de Cambios de reserva y cancelaci\u00f3n\" class=\"read-more\" href=\"https:\/\/xploremallorca.com\/es\/politica-de-cambios-de-reserva-y-cancelacion\/\" aria-label=\"Leer m\u00e1s sobre Pol\u00edtica de Cambios de reserva y cancelaci\u00f3n\">Leer m\u00e1s<\/a><\/p>\n","protected":false},"author":1,"featured_media":0,"parent":0,"menu_order":0,"comment_status":"closed","ping_status":"closed","template":"elementor_header_footer","meta":{"footnotes":""},"class_list":["post-1472","page","type-page","status-publish"],"yoast_head":"<!-- This site is optimized with the Yoast SEO plugin v27.4 - https:\/\/yoast.com\/product\/yoast-seo-wordpress\/ -->\n<title>Pol\u00edtica de Cambios de reserva y cancelaci\u00f3n | Xplore Mallorca<\/title>\n<meta name=\"robots\" content=\"index, follow, max-snippet:-1, max-image-preview:large, max-video-preview:-1\" \/>\n<link rel=\"canonical\" href=\"https:\/\/xploremallorca.com\/es\/politica-de-cambios-de-reserva-y-cancelacion\/\" \/>\n<meta property=\"og:locale\" content=\"es_ES\" \/>\n<meta property=\"og:type\" content=\"article\" \/>\n<meta property=\"og:title\" content=\"Pol\u00edtica de Cambios de reserva y cancelaci\u00f3n | Xplore Mallorca\" \/>\n<meta property=\"og:description\" content=\"Pol\u00edtica de Cambios de reserva y cancelaci\u00f3n Extensi\u00f3n de Contrato: Se puede realizarse una extensi\u00f3n del contrato por v\u00eda telef\u00f3nica, por Correo Electr\u00f3nico, por WhatApp o presencial de cada alquiler, y deber\u00e1 ser la primera extensi\u00f3n. Las extensiones no presenciales se pueden hacer por un m\u00e1ximo de cinco d\u00edas. Puede requerirse una nueva aprobaci\u00f3n para ... Leer m\u00e1s\" \/>\n<meta property=\"og:url\" content=\"https:\/\/xploremallorca.com\/es\/politica-de-cambios-de-reserva-y-cancelacion\/\" \/>\n<meta property=\"og:site_name\" content=\"Xplore Mallorca\" \/>\n<meta property=\"article:publisher\" content=\"https:\/\/www.facebook.com\/MotoSprintCalador\" \/>\n<meta property=\"article:modified_time\" content=\"2023-05-02T12:31:56+00:00\" \/>\n<meta property=\"og:image\" content=\"https:\/\/xploremallorca.com\/wp-content\/uploads\/2023\/04\/buggy-in-mallorca.jpg\" \/>\n\t<meta property=\"og:image:width\" content=\"1920\" \/>\n\t<meta property=\"og:image:height\" content=\"1220\" \/>\n\t<meta property=\"og:image:type\" content=\"image\/jpeg\" \/>\n<meta name=\"twitter:card\" content=\"summary_large_image\" \/>\n<meta name=\"twitter:label1\" content=\"Tiempo de lectura\" \/>\n\t<meta name=\"twitter:data1\" content=\"1 minute\" \/>\n<script type=\"application\/ld+json\" class=\"yoast-schema-graph\">{\"@context\":\"https:\\\/\\\/schema.org\",\"@graph\":[{\"@type\":\"WebPage\",\"@id\":\"https:\\\/\\\/xploremallorca.com\\\/es\\\/politica-de-cambios-de-reserva-y-cancelacion\\\/\",\"url\":\"https:\\\/\\\/xploremallorca.com\\\/es\\\/politica-de-cambios-de-reserva-y-cancelacion\\\/\",\"name\":\"Pol\u00edtica de Cambios de reserva y cancelaci\u00f3n | Xplore Mallorca\",\"isPartOf\":{\"@id\":\"https:\\\/\\\/xploremallorca.com\\\/#website\"},\"datePublished\":\"2023-05-02T12:25:40+00:00\",\"dateModified\":\"2023-05-02T12:31:56+00:00\",\"breadcrumb\":{\"@id\":\"https:\\\/\\\/xploremallorca.com\\\/es\\\/politica-de-cambios-de-reserva-y-cancelacion\\\/#breadcrumb\"},\"inLanguage\":\"es-ES\",\"potentialAction\":[{\"@type\":\"ReadAction\",\"target\":[\"https:\\\/\\\/xploremallorca.com\\\/es\\\/politica-de-cambios-de-reserva-y-cancelacion\\\/\"]}]},{\"@type\":\"BreadcrumbList\",\"@id\":\"https:\\\/\\\/xploremallorca.com\\\/es\\\/politica-de-cambios-de-reserva-y-cancelacion\\\/#breadcrumb\",\"itemListElement\":[{\"@type\":\"ListItem\",\"position\":1,\"name\":\"Home\",\"item\":\"https:\\\/\\\/xploremallorca.com\\\/es\\\/inicio\\\/\"},{\"@type\":\"ListItem\",\"position\":2,\"name\":\"Pol\u00edtica de Cambios de reserva y cancelaci\u00f3n\"}]},{\"@type\":\"WebSite\",\"@id\":\"https:\\\/\\\/xploremallorca.com\\\/#website\",\"url\":\"https:\\\/\\\/xploremallorca.com\\\/\",\"name\":\"Sprint Tours\",\"description\":\"Buggy Tour Mallorca\",\"publisher\":{\"@id\":\"https:\\\/\\\/xploremallorca.com\\\/#organization\"},\"potentialAction\":[{\"@type\":\"SearchAction\",\"target\":{\"@type\":\"EntryPoint\",\"urlTemplate\":\"https:\\\/\\\/xploremallorca.com\\\/?s={search_term_string}\"},\"query-input\":{\"@type\":\"PropertyValueSpecification\",\"valueRequired\":true,\"valueName\":\"search_term_string\"}}],\"inLanguage\":\"es-ES\"},{\"@type\":\"Organization\",\"@id\":\"https:\\\/\\\/xploremallorca.com\\\/#organization\",\"name\":\"Sprint Tours\",\"url\":\"https:\\\/\\\/xploremallorca.com\\\/\",\"logo\":{\"@type\":\"ImageObject\",\"inLanguage\":\"es-ES\",\"@id\":\"https:\\\/\\\/xploremallorca.com\\\/#\\\/schema\\\/logo\\\/image\\\/\",\"url\":\"https:\\\/\\\/xploremallorca.com\\\/wp-content\\\/uploads\\\/2023\\\/04\\\/Logotipo_Sprint_Tours_gris.png\",\"contentUrl\":\"https:\\\/\\\/xploremallorca.com\\\/wp-content\\\/uploads\\\/2023\\\/04\\\/Logotipo_Sprint_Tours_gris.png\",\"width\":1134,\"height\":567,\"caption\":\"Sprint Tours\"},\"image\":{\"@id\":\"https:\\\/\\\/xploremallorca.com\\\/#\\\/schema\\\/logo\\\/image\\\/\"},\"sameAs\":[\"https:\\\/\\\/www.facebook.com\\\/MotoSprintCalador\",\"https:\\\/\\\/www.instagram.com\\\/motosprint_calador\\\/\",\"https:\\\/\\\/www.youtube.com\\\/channel\\\/UCcaJ8ovATIhjl0tpCFb4xbA\"]}]}<\/script>\n<!-- \/ Yoast SEO plugin. -->","yoast_head_json":{"title":"Pol\u00edtica de Cambios de reserva y cancelaci\u00f3n | Xplore Mallorca","robots":{"index":"index","follow":"follow","max-snippet":"max-snippet:-1","max-image-preview":"max-image-preview:large","max-video-preview":"max-video-preview:-1"},"canonical":"https:\/\/xploremallorca.com\/es\/politica-de-cambios-de-reserva-y-cancelacion\/","og_locale":"es_ES","og_type":"article","og_title":"Pol\u00edtica de Cambios de reserva y cancelaci\u00f3n | Xplore Mallorca","og_description":"Pol\u00edtica de Cambios de reserva y cancelaci\u00f3n Extensi\u00f3n de Contrato: Se puede realizarse una extensi\u00f3n del contrato por v\u00eda telef\u00f3nica, por Correo Electr\u00f3nico, por WhatApp o presencial de cada alquiler, y deber\u00e1 ser la primera extensi\u00f3n. Las extensiones no presenciales se pueden hacer por un m\u00e1ximo de cinco d\u00edas. Puede requerirse una nueva aprobaci\u00f3n para ... Leer m\u00e1s","og_url":"https:\/\/xploremallorca.com\/es\/politica-de-cambios-de-reserva-y-cancelacion\/","og_site_name":"Xplore Mallorca","article_publisher":"https:\/\/www.facebook.com\/MotoSprintCalador","article_modified_time":"2023-05-02T12:31:56+00:00","og_image":[{"width":1920,"height":1220,"url":"https:\/\/xploremallorca.com\/wp-content\/uploads\/2023\/04\/buggy-in-mallorca.jpg","type":"image\/jpeg"}],"twitter_card":"summary_large_image","twitter_misc":{"Tiempo de lectura":"1 minute"},"schema":{"@context":"https:\/\/schema.org","@graph":[{"@type":"WebPage","@id":"https:\/\/xploremallorca.com\/es\/politica-de-cambios-de-reserva-y-cancelacion\/","url":"https:\/\/xploremallorca.com\/es\/politica-de-cambios-de-reserva-y-cancelacion\/","name":"Pol\u00edtica de Cambios de reserva y cancelaci\u00f3n | Xplore Mallorca","isPartOf":{"@id":"https:\/\/xploremallorca.com\/#website"},"datePublished":"2023-05-02T12:25:40+00:00","dateModified":"2023-05-02T12:31:56+00:00","breadcrumb":{"@id":"https:\/\/xploremallorca.com\/es\/politica-de-cambios-de-reserva-y-cancelacion\/#breadcrumb"},"inLanguage":"es-ES","potentialAction":[{"@type":"ReadAction","target":["https:\/\/xploremallorca.com\/es\/politica-de-cambios-de-reserva-y-cancelacion\/"]}]},{"@type":"BreadcrumbList","@id":"https:\/\/xploremallorca.com\/es\/politica-de-cambios-de-reserva-y-cancelacion\/#breadcrumb","itemListElement":[{"@type":"ListItem","position":1,"name":"Home","item":"https:\/\/xploremallorca.com\/es\/inicio\/"},{"@type":"ListItem","position":2,"name":"Pol\u00edtica de Cambios de reserva y cancelaci\u00f3n"}]},{"@type":"WebSite","@id":"https:\/\/xploremallorca.com\/#website","url":"https:\/\/xploremallorca.com\/","name":"Sprint Tours","description":"Buggy Tour Mallorca","publisher":{"@id":"https:\/\/xploremallorca.com\/#organization"},"potentialAction":[{"@type":"SearchAction","target":{"@type":"EntryPoint","urlTemplate":"https:\/\/xploremallorca.com\/?s={search_term_string}"},"query-input":{"@type":"PropertyValueSpecification","valueRequired":true,"valueName":"search_term_string"}}],"inLanguage":"es-ES"},{"@type":"Organization","@id":"https:\/\/xploremallorca.com\/#organization","name":"Sprint Tours","url":"https:\/\/xploremallorca.com\/","logo":{"@type":"ImageObject","inLanguage":"es-ES","@id":"https:\/\/xploremallorca.com\/#\/schema\/logo\/image\/","url":"https:\/\/xploremallorca.com\/wp-content\/uploads\/2023\/04\/Logotipo_Sprint_Tours_gris.png","contentUrl":"https:\/\/xploremallorca.com\/wp-content\/uploads\/2023\/04\/Logotipo_Sprint_Tours_gris.png","width":1134,"height":567,"caption":"Sprint Tours"},"image":{"@id":"https:\/\/xploremallorca.com\/#\/schema\/logo\/image\/"},"sameAs":["https:\/\/www.facebook.com\/MotoSprintCalador","https:\/\/www.instagram.com\/motosprint_calador\/","https:\/\/www.youtube.com\/channel\/UCcaJ8ovATIhjl0tpCFb4xbA"]}]}},"_links":{"self":[{"href":"https:\/\/xploremallorca.com\/es\/wp-json\/wp\/v2\/pages\/1472","targetHints":{"allow":["GET"]}}],"collection":[{"href":"https:\/\/xploremallorca.com\/es\/wp-json\/wp\/v2\/pages"}],"about":[{"href":"https:\/\/xploremallorca.com\/es\/wp-json\/wp\/v2\/types\/page"}],"author":[{"embeddable":true,"href":"https:\/\/xploremallorca.com\/es\/wp-json\/wp\/v2\/users\/1"}],"replies":[{"embeddable":true,"href":"https:\/\/xploremallorca.com\/es\/wp-json\/wp\/v2\/comments?post=1472"}],"version-history":[{"count":1,"href":"https:\/\/xploremallorca.com\/es\/wp-json\/wp\/v2\/pages\/1472\/revisions"}],"predecessor-version":[{"id":1473,"href":"https:\/\/xploremallorca.com\/es\/wp-json\/wp\/v2\/pages\/1472\/revisions\/1473"}],"wp:attachment":[{"href":"https:\/\/xploremallorca.com\/es\/wp-json\/wp\/v2\/media?parent=1472"}],"curies":[{"name":"wp","href":"https:\/\/api.w.org\/{rel}","templated":true}]}}